  {"id":36338,"date":"2023-03-17T11:53:09","date_gmt":"2023-03-17T15:53:09","guid":{"rendered":"https:\/\/allianceadvisors.com\/sollicitation-et-engagement-des-actionnaires\/"},"modified":"2025-02-03T13:21:47","modified_gmt":"2025-02-03T18:21:47","slug":"sollicitation-et-engagement-des-actionnaires","status":"publish","type":"page","link":"https:\/\/allianceadvisors.com\/fr\/sollicitation-et-engagement-des-actionnaires\/","title":{"rendered":"Conseil en Assembl\u00e9e G\u00e9n\u00e9rale &#038; Engagement Actionnarial"},"content":{"rendered":"<div class=\"wpb-content-wrapper\">[vc_section css_animation=&nbsp;&raquo;fadeIn&nbsp;&raquo; local_scroll_id=&nbsp;&raquo;shareholder-engagement-solicitation&nbsp;&raquo;][vc_row column_spacing=&nbsp;&raquo;0px&nbsp;&raquo; remove_bottom_col_margin=&nbsp;&raquo;true&nbsp;&raquo; css=&nbsp;&raquo;.vc_custom_1736852909596{padding-top: 40px !important;padding-right: 40px !important;padding-bottom: 40px !important;padding-left: 40px !important;background-color: #FFFFFF !important;}&nbsp;&raquo; max_width_custom=&nbsp;&raquo;980px&nbsp;&raquo;][vc_column]<style>.vcex-heading.vcex_69e383c3d91a5{color:var(--wpex-accent);font-size:var(--wpex-text-4xl);font-weight:600;}<\/style><div class=\"vcex-heading vcex-heading-plain vcex-module wpex-heading wpex-text-2xl wpex-mb-40 vcex_69e383c3d91a5\"><span class=\"vcex-heading-inner wpex-inline-block\">Assembl&eacute;es g&eacute;n&eacute;rales ordinaires et extraordinaires des actionnaires<\/span><\/div>[vc_column_text css=&nbsp;&raquo;.vc_custom_1738334749909{padding-bottom: 12px !important;}&nbsp;&raquo; font_size=&nbsp;&raquo;lg&nbsp;&raquo; text_transform=&nbsp;&raquo;uppercase&nbsp;&raquo; color=&nbsp;&raquo;#df261c&nbsp;&raquo; font_weight=&nbsp;&raquo;500&Prime;]Ce que nous faisons[\/vc_column_text][vc_column_text css=&nbsp;&raquo;&nbsp;&raquo; color=&nbsp;&raquo;accent&nbsp;&raquo; line_height=&nbsp;&raquo;snug&nbsp;&raquo; el_class=&nbsp;&raquo;g24-bullets&nbsp;&raquo;]\n<ul>\n<li>S&eacute;ance de planification strat&eacute;gique pr&eacute;alable au lancement pour concilier les besoins et les propositions des clients avec une strat&eacute;gie globale de sollicitation.<\/li>\n<li>Effectuer une analyse des actionnaires institutionnels et individuels afin de comprendre la r&eacute;partition des actions ayant droit de vote.<\/li>\n<li>Identification des votants pour comprendre les positions de vote du d&eacute;positaire, des banques et des courtiers.<\/li>\n<li>Dialogue avec les investisseurs institutionnels bas&eacute; sur le type des propositions &agrave; l&rsquo;&eacute;tude.<\/li>\n<li>Suivi permanent des tendances, des observations et des r&eacute;sultats des votes. Ajustement de la strat&eacute;gie au besoin.<\/li>\n<li>&Eacute;laboration d&rsquo;une strat&eacute;gie de sensibilisation des particuliers &agrave; l&rsquo;intention des PVNO et des autres actionnaires individuels (le cas &eacute;ch&eacute;ant).<\/li>\n<\/ul>\n[\/vc_column_text][\/vc_column][\/vc_row][vc_row column_spacing=&nbsp;&raquo;0px&nbsp;&raquo; max_width_custom=&nbsp;&raquo;980px&nbsp;&raquo;][vc_column][vc_column_text css=&nbsp;&raquo;.vc_custom_1738334808359{padding-top: 15px !important;padding-bottom: 15px !important;padding-left: 40px !important;background-color: #393939 !important;}&nbsp;&raquo; font_size=&nbsp;&raquo;lg&nbsp;&raquo; font_weight=&nbsp;&raquo;semibold&nbsp;&raquo; color=&nbsp;&raquo;#ffffff&nbsp;&raquo;]<a href=\"https:\/\/allianceadvisors.com\/fr\/transactions-categories\/shareholder-engagement-and-solicitation-transactions-fr\/\">Voir les transactions &gt;<\/a>[\/vc_column_text][\/vc_column][\/vc_row][\/vc_section][vc_row][vc_column]<div class=\"vcex-spacing wpex-w-100 wpex-clear\" style=\"height:45px;\"><\/div>[\/vc_column][\/vc_row][vc_section css_animation=&nbsp;&raquo;fadeIn&nbsp;&raquo; local_scroll_id=&nbsp;&raquo;shareholder-engagement-solicitation&nbsp;&raquo;][vc_row column_spacing=&nbsp;&raquo;0px&nbsp;&raquo; remove_bottom_col_margin=&nbsp;&raquo;true&nbsp;&raquo; css=&nbsp;&raquo;.vc_custom_1736852927643{padding-top: 40px !important;padding-right: 40px !important;padding-bottom: 40px !important;padding-left: 40px !important;background-color: #FFFFFF !important;}&nbsp;&raquo; max_width_custom=&nbsp;&raquo;980px&nbsp;&raquo;][vc_column]<style>.vcex-heading.vcex_69e383c3da30e{color:var(--wpex-accent);font-size:var(--wpex-text-4xl);font-weight:600;line-height:var(--wpex-leading-snug);}<\/style><div class=\"vcex-heading vcex-heading-plain vcex-module wpex-heading wpex-text-2xl wpex-mb-40 vcex_69e383c3da30e\"><span class=\"vcex-heading-inner wpex-inline-block\">Conseil en mati&egrave;re d&rsquo;engagement des actionnaires<\/span><\/div>[vc_column_text css=&nbsp;&raquo;.vc_custom_1738334757302{padding-bottom: 12px !important;}&nbsp;&raquo; font_size=&nbsp;&raquo;lg&nbsp;&raquo; text_transform=&nbsp;&raquo;uppercase&nbsp;&raquo; color=&nbsp;&raquo;#df261c&nbsp;&raquo; font_weight=&nbsp;&raquo;500&Prime;]Ce que nous faisons[\/vc_column_text][vc_column_text css=&nbsp;&raquo;&nbsp;&raquo; color=&nbsp;&raquo;accent&nbsp;&raquo; line_height=&nbsp;&raquo;snug&nbsp;&raquo; el_class=&nbsp;&raquo;g24-bullets&nbsp;&raquo;]L&rsquo;engagement &agrave; l&rsquo;&eacute;gard des enjeux ESG est un &eacute;l&eacute;ment essentiel de la strat&eacute;gie d&rsquo;affaires d&rsquo;une entreprise. Notre &eacute;quipe de conseillers vous aidera &agrave; organiser et pr&eacute;parer l&rsquo;engagement de vos actionnaires.\n<ul>\n<li>Analyse d&eacute;taill&eacute;e du vote de vos principaux investisseurs institutionnels lors de votre derni&egrave;re assembl&eacute;e g&eacute;n&eacute;rale, afin d&rsquo;identifier les votes d&rsquo;opposition et de vous aider &agrave; d&eacute;finir les priorit&eacute;s en mati&egrave;re d&rsquo;engagement &agrave; mettre en place lors de la saison creuse.<\/li>\n<li>D&eacute;termination de l&rsquo;influence d&rsquo;ISS et de Glass Lewis sur les d&eacute;cisions des votes par procuration de vos principaux investisseurs.<\/li>\n<li>Soutien pour l&rsquo;identification de la meilleure &eacute;quipe d&rsquo;experts en la mati&egrave;re pour engager le dialogue avec les investisseurs institutionnels.<\/li>\n<li>Soutien pour la sensibilisation des investisseurs institutionnels et des soci&eacute;t&eacute;s de conseil en vote (ISS et Glass Lewis) afin de faciliter et de coordonner les engagements.<\/li>\n<li>Pr&eacute;paration approfondie pr&eacute;alable avec l&rsquo;&eacute;quipe travaillant aux engagements, y compris les cadres sup&eacute;rieurs et les administrateurs.<\/li>\n<li>&Eacute;laboration de profils personnalis&eacute;s des investisseurs avant les engagements afin d&rsquo;identifier les points importants et les d&eacute;fis potentiels.<\/li>\n<li>Examinez la circulaire de sollicitation de procurations du point de vue des investisseurs institutionnels et des soci&eacute;t&eacute;s de services-conseils et donnez des exemples d&rsquo;informations de premier ordre.<\/li>\n<\/ul>\n[\/vc_column_text][\/vc_column][\/vc_row][vc_row column_spacing=&nbsp;&raquo;0px&nbsp;&raquo; max_width_custom=&nbsp;&raquo;980px&nbsp;&raquo;][vc_column][vc_column_text css=&nbsp;&raquo;.vc_custom_1738334795975{padding-top: 15px !important;padding-bottom: 15px !important;padding-left: 40px !important;background-color: #393939 !important;}&nbsp;&raquo; font_size=&nbsp;&raquo;lg&nbsp;&raquo; font_weight=&nbsp;&raquo;semibold&nbsp;&raquo; color=&nbsp;&raquo;#ffffff&nbsp;&raquo;]<a href=\"https:\/\/allianceadvisors.com\/fr\/transactions-categories\/compensation-governance-and-sustainability-advisory-transactions-fr\/\">Voir les transactions &gt;<\/a>[\/vc_column_text][\/vc_column][\/vc_row][\/vc_section][vc_row][vc_column]<div class=\"vcex-spacing wpex-w-100 wpex-clear\" style=\"height:45px;\"><\/div>[\/vc_column][\/vc_row][vc_section css_animation=&nbsp;&raquo;fadeIn&nbsp;&raquo; local_scroll_id=&nbsp;&raquo;shareholder-engagement-solicitation&nbsp;&raquo;][vc_row column_spacing=&nbsp;&raquo;0px&nbsp;&raquo; remove_bottom_col_margin=&nbsp;&raquo;true&nbsp;&raquo; css=&nbsp;&raquo;.vc_custom_1736852941394{padding-top: 40px !important;padding-right: 40px !important;padding-bottom: 40px !important;padding-left: 40px !important;background-color: #FFFFFF !important;}&nbsp;&raquo; max_width_custom=&nbsp;&raquo;980px&nbsp;&raquo;][vc_column]<style>.vcex-heading.vcex_69e383c3dad85{color:var(--wpex-accent);font-size:var(--wpex-text-4xl);font-weight:600;}<\/style><div class=\"vcex-heading vcex-heading-plain vcex-module wpex-heading wpex-text-2xl wpex-mb-40 vcex_69e383c3dad85\"><span class=\"vcex-heading-inner wpex-inline-block\">Assembl&eacute;es des actionnaires &ndash;&#8288; Accent sur les actionnaires individuels<\/span><\/div>[vc_column_text css=&nbsp;&raquo;.vc_custom_1738334763743{padding-bottom: 12px !important;}&nbsp;&raquo; font_size=&nbsp;&raquo;lg&nbsp;&raquo; text_transform=&nbsp;&raquo;uppercase&nbsp;&raquo; color=&nbsp;&raquo;#df261c&nbsp;&raquo; font_weight=&nbsp;&raquo;500&Prime;]Ce que nous faisons[\/vc_column_text][vc_column_text css=&nbsp;&raquo;&nbsp;&raquo; color=&nbsp;&raquo;accent&nbsp;&raquo; line_height=&nbsp;&raquo;snug&nbsp;&raquo; el_class=&nbsp;&raquo;g24-bullets&nbsp;&raquo;]Fonds communs de placement, soci&eacute;t&eacute;s d&rsquo;<a class=\"glossaryLink cmtt_Mergers &amp; Acquisitions\" style=\"box-sizing: border-box; text-decoration-color: var(--wpex-link-decoration-color); text-decoration-style: var(--wpex-link-decoration-style); text-decoration-thickness: var(--wpex-link-decoration-thickness); text-underline-offset: var(--wpex-link-underline-offset); border-bottom-width: 0px; border-bottom-style: dotted; border-bottom-color: #000000; margin-bottom: 0px; color: #393939 !important; text-decoration: none !important;\" tabindex=\"0\" role=\"link\" href=\"https:\/\/allianceadvisors.com\/fr\/glossary-index\/acquisition\/\" aria-describedby=\"tt\" data-cmtooltip=\"&lt;div class=glossaryItemTitle&gt;Acquisition&lt;\/div&gt;&lt;div class=glossaryItemBody&gt; Acquisition is the purchase of one company, often referred to as the target company, by another...&lt;\/div&gt;&lt;div id=&amp;quot;cmtt_related_articles&amp;quot; class=&amp;quot;cmtt_related_articles_wrapper&amp;quot;&gt;&lt;div class=&amp;quot;cmtt_related_title cmtt_related_articles_title&amp;quot;&gt;Related Articles: &lt;\/div&gt;&lt;ul class=&amp;quot;cmtt_related&amp;quot;&gt;&lt;li class=&amp;quot;cmtt_related_item&amp;quot;&gt;&lt;a href=&amp;quot;https:\/\/allianceadvisors.com\/fr\/nos-services\/&amp;quot;&gt;Nos services&lt;\/a&gt;&lt;\/li&gt;&lt;li class=&amp;quot;cmtt_related_item&amp;quot;&gt;&lt;a href=&amp;quot;https:\/\/allianceadvisors.com\/fr\/sollicitation-et-engagement-des-actionnaires\/&amp;quot;&gt;Sollicitation et engagement des actionnaires&lt;\/a&gt;&lt;\/li&gt;&lt;\/ul&gt;&lt;\/div&gt;&lt;div class=glossaryTooltipMoreLinkWrapper&gt;&lt;a class=glossaryTooltipMoreLink href=https:\/\/allianceadvisors.com\/fr\/glossary-index\/acquisition\/ &gt;Read more...&lt;\/a&gt;&lt;\/div&gt;\" data-link=\"https:\/\/allianceadvisors.com\/fr\/glossary-index\/acquisition\/\" data-mobile-support=\"0\" data-gt-translate-attributes='[{\"attribute\":\"data-cmtooltip\", \"format\":\"html\"}]'>acquisition<\/a> &agrave; vocation sp&eacute;cifique (SPAC), soci&eacute;t&eacute;s de d&eacute;veloppement des affaires (BDC)\n<ul>\n<li>Nous aidons les personnes morales et les soci&eacute;t&eacute;s d&rsquo;investissement ayant un nombre &eacute;lev&eacute; d&rsquo;actionnaires individuels &agrave; optimiser la participation de ces actionnaires aux assembl&eacute;es en leur fournissant des informations et un acc&egrave;s au vote.<\/li>\n<li>Nos analyses des votes des actionnaires individuels permettent de mieux comprendre leur comportement et fournissent des projections de vote, conduisant ainsi &agrave; une meilleure gestion de la strat&eacute;gie de sollicitation.<\/li>\n<li>Nous fusionnons avec succ&egrave;s les campagnes strat&eacute;giques visant &agrave; l&rsquo;optimisation de la participation gr&acirc;ce &agrave; une vari&eacute;t&eacute; d&rsquo;outils de communication. Ces strat&eacute;gies comprennent les appels t&eacute;l&eacute;phoniques, les courriels, les messages textes et les m&eacute;dias sociaux.<\/li>\n<\/ul>\n[\/vc_column_text][\/vc_column][\/vc_row][vc_row column_spacing=&nbsp;&raquo;0px&nbsp;&raquo; max_width_custom=&nbsp;&raquo;980px&nbsp;&raquo;][vc_column][vc_column_text css=&nbsp;&raquo;.vc_custom_1738334785351{padding-top: 15px !important;padding-bottom: 15px !important;padding-left: 40px !important;background-color: #393939 !important;}&nbsp;&raquo; font_size=&nbsp;&raquo;lg&nbsp;&raquo; font_weight=&nbsp;&raquo;semibold&nbsp;&raquo; color=&nbsp;&raquo;#ffffff&nbsp;&raquo;]<a href=\"https:\/\/allianceadvisors.com\/fr\/transactions-categories\/shareholder-engagement-and-solicitation-transactions-fr\/\">Voir les transactions &gt;<\/a>[\/vc_column_text][\/vc_column][\/vc_row][\/vc_section]\n<\/div>","protected":false},"excerpt":{"rendered":"<p>[vc_section css_animation=\u00a0\u00bbfadeIn\u00a0\u00bb local_scroll_id=\u00a0\u00bbshareholder-engagement-solicitation\u00a0\u00bb][vc_row column_spacing=\u00a0\u00bb0px\u00a0\u00bb remove_bottom_col_margin=\u00a0\u00bbtrue\u00a0\u00bb css=\u00a0\u00bb.vc_custom_1736852909596{padding-top: 40px !important;padding-right: 40px !important;padding-bottom: 40px !important;padding-left: 40px !important;background-color: #FFFFFF !important;}\u00a0\u00bb max_width_custom=\u00a0\u00bb980px\u00a0\u00bb][vc_column][vc_column_text css=\u00a0\u00bb.vc_custom_1738334749909{padding-bottom: 12px !important;}\u00a0\u00bb font_size=\u00a0\u00bblg\u00a0\u00bb text_transform=\u00a0\u00bbuppercase\u00a0\u00bb color=\u00a0\u00bb#df261c\u00a0\u00bb font_weight=\u00a0\u00bb500&Prime;]Ce que nous faisons[\/vc_column_text][vc_column_text css=\u00a0\u00bb\u00a0\u00bb color=\u00a0\u00bbaccent\u00a0\u00bb line_height=\u00a0\u00bbsnug\u00a0\u00bb el_class=\u00a0\u00bbg24-bullets\u00a0\u00bb] S\u00e9ance de planification strat\u00e9gique pr\u00e9alable au lancement pour concilier les besoins et les propositions des clients avec une strat\u00e9gie globale de sollicitation. Effectuer une&hellip;<\/p>\n","protected":false},"author":9,"featured_media":64800,"parent":0,"menu_order":0,"comment_status":"closed","ping_status":"closed","template":"","meta":{"footnotes":""},"class_list":["post-36338","page","type-page","status-publish","has-post-thumbnail","hentry","entry","has-media"],"_links":{"self":[{"href":"https:\/\/allianceadvisors.com\/fr\/wp-json\/wp\/v2\/pages\/36338","targetHints":{"allow":["GET"]}}],"collection":[{"href":"https:\/\/allianceadvisors.com\/fr\/wp-json\/wp\/v2\/pages"}],"about":[{"href":"https:\/\/allianceadvisors.com\/fr\/wp-json\/wp\/v2\/types\/page"}],"author":[{"embeddable":true,"href":"https:\/\/allianceadvisors.com\/fr\/wp-json\/wp\/v2\/users\/9"}],"replies":[{"embeddable":true,"href":"https:\/\/allianceadvisors.com\/fr\/wp-json\/wp\/v2\/comments?post=36338"}],"version-history":[{"count":12,"href":"https:\/\/allianceadvisors.com\/fr\/wp-json\/wp\/v2\/pages\/36338\/revisions"}],"predecessor-version":[{"id":54905,"href":"https:\/\/allianceadvisors.com\/fr\/wp-json\/wp\/v2\/pages\/36338\/revisions\/54905"}],"wp:featuredmedia":[{"embeddable":true,"href":"https:\/\/allianceadvisors.com\/fr\/wp-json\/wp\/v2\/media\/64800"}],"wp:attachment":[{"href":"https:\/\/allianceadvisors.com\/fr\/wp-json\/wp\/v2\/media?parent=36338"}],"curies":[{"name":"wp","href":"https:\/\/api.w.org\/{rel}","templated":true}]}}