  {"id":36411,"date":"2023-03-21T05:58:01","date_gmt":"2023-03-21T09:58:01","guid":{"rendered":"https:\/\/allianceadvisors.com\/conseil-en-remuneration-en-gouvernance-et-en-developpement-durable\/"},"modified":"2025-02-03T13:32:07","modified_gmt":"2025-02-03T18:32:07","slug":"conseil-en-remuneration-en-gouvernance-et-en-developpement-durable","status":"publish","type":"page","link":"https:\/\/allianceadvisors.com\/fr\/conseil-en-remuneration-en-gouvernance-et-en-developpement-durable\/","title":{"rendered":"Conseil en r\u00e9mun\u00e9ration, en gouvernance et en d\u00e9veloppement durable"},"content":{"rendered":"<div class=\"wpb-content-wrapper\">[vc_section css_animation=&nbsp;&raquo;fadeIn&nbsp;&raquo; local_scroll_id=&nbsp;&raquo;shareholder-engagement-solicitation&nbsp;&raquo;][vc_row column_spacing=&nbsp;&raquo;0px&nbsp;&raquo; remove_bottom_col_margin=&nbsp;&raquo;true&nbsp;&raquo; css=&nbsp;&raquo;.vc_custom_1736852909596{padding-top: 40px !important;padding-right: 40px !important;padding-bottom: 40px !important;padding-left: 40px !important;background-color: #FFFFFF !important;}&nbsp;&raquo; max_width_custom=&nbsp;&raquo;980px&nbsp;&raquo;][vc_column]<style>.vcex-heading.vcex_69e3c701992a5{color:var(--wpex-accent);font-size:var(--wpex-text-4xl);font-weight:600;text-transform:capitalize;}<\/style><div class=\"vcex-heading vcex-heading-plain vcex-module wpex-heading wpex-text-2xl wpex-mb-40 vcex_69e3c701992a5\"><span class=\"vcex-heading-inner wpex-inline-block\">Conseil en r&eacute;mun&eacute;ration<\/span><\/div>[vc_column_text css=&nbsp;&raquo;.vc_custom_1738607244157{padding-bottom: 12px !important;}&nbsp;&raquo; font_size=&nbsp;&raquo;lg&nbsp;&raquo; text_transform=&nbsp;&raquo;uppercase&nbsp;&raquo; color=&nbsp;&raquo;#df261c&nbsp;&raquo; font_weight=&nbsp;&raquo;500&Prime;]Ce que nous faisons[\/vc_column_text][vc_column_text css=&nbsp;&raquo;&nbsp;&raquo; color=&nbsp;&raquo;accent&nbsp;&raquo; line_height=&nbsp;&raquo;snug&nbsp;&raquo; el_class=&nbsp;&raquo;g24-bullets&nbsp;&raquo;]成人视频 a constitu&eacute; une &eacute;quipe de conseil en r&eacute;mun&eacute;ration sans &eacute;gal. Notre &eacute;quipe est compos&eacute;e de sp&eacute;cialistes ayant une exp&eacute;rience &eacute;tendue en la mati&egrave;re, certains ayant auparavant &eacute;volu&eacute; chez ISS, Glass Lewis, de grands cabinets de conseil en r&eacute;mun&eacute;ration et de grands cabinets d&rsquo;investissements institutionnels.\n<ul>\n<li>Assistance au d&eacute;veloppement d&rsquo;un r&eacute;gime de r&eacute;mun&eacute;ration &agrave; base d&rsquo;actions afin d&rsquo;optimiser le soutien des actionnaires.<\/li>\n<li>&Eacute;tablissement d&rsquo;un profil d&rsquo;actionnaire institutionnel afin de d&eacute;terminer les politiques de vote relatives aux r&eacute;gimes &agrave; base d&rsquo;actions de vos principaux actionnaires institutionnels.<\/li>\n<li>Mod&eacute;lisation de la proposition de votre r&eacute;gime &agrave; base d&rsquo;actions en accord avec les lignes directrices des principales soci&eacute;t&eacute;s de conseil en vote, et recommandations pour l&rsquo;am&eacute;lioration de la notation en rapport avec ces mod&egrave;les.<\/li>\n<li>Passez en revue les caract&eacute;ristiques quantitatives de votre r&eacute;gime, comme le taux d&rsquo;&eacute;puisement des fonds et la dilution des droits de vote, pour d&eacute;terminer dans quelle mesure les actionnaires importants sont susceptibles de voter sur le r&eacute;gime.<\/li>\n<li>R&eacute;alisation de projections des votes afin de d&eacute;terminer l&rsquo;issue probable de la proposition de r&eacute;gime.<\/li>\n<li>Assistance &agrave; la r&eacute;daction de la procuration afin de pr&eacute;senter le r&eacute;gime aux actionnaires de la meilleure fa&ccedil;on possible.<\/li>\n<\/ul>\n[\/vc_column_text][\/vc_column][\/vc_row][vc_row column_spacing=&nbsp;&raquo;0px&nbsp;&raquo; max_width_custom=&nbsp;&raquo;980px&nbsp;&raquo;][vc_column][vc_column_text css=&nbsp;&raquo;.vc_custom_1738607458486{padding-top: 15px !important;padding-bottom: 15px !important;padding-left: 40px !important;background-color: #393939 !important;}&nbsp;&raquo; font_size=&nbsp;&raquo;lg&nbsp;&raquo; font_weight=&nbsp;&raquo;semibold&nbsp;&raquo; color=&nbsp;&raquo;#ffffff&nbsp;&raquo; text_transform=&nbsp;&raquo;capitalize&nbsp;&raquo;]<a href=\"https:\/\/allianceadvisors.com\/fr\/transactions-categories\/compensation-governance-and-sustainability-advisory-transactions-fr\/\">Voir les transactions &gt;<\/a>[\/vc_column_text][\/vc_column][\/vc_row][\/vc_section][vc_row][vc_column]<div class=\"vcex-spacing wpex-w-100 wpex-clear\" style=\"height:45px;\"><\/div>[\/vc_column][\/vc_row][vc_section css_animation=&nbsp;&raquo;fadeIn&nbsp;&raquo; local_scroll_id=&nbsp;&raquo;shareholder-engagement-solicitation&nbsp;&raquo;][vc_row column_spacing=&nbsp;&raquo;0px&nbsp;&raquo; remove_bottom_col_margin=&nbsp;&raquo;true&nbsp;&raquo; css=&nbsp;&raquo;.vc_custom_1736852927643{padding-top: 40px !important;padding-right: 40px !important;padding-bottom: 40px !important;padding-left: 40px !important;background-color: #FFFFFF !important;}&nbsp;&raquo; max_width_custom=&nbsp;&raquo;980px&nbsp;&raquo;][vc_column]<style>.vcex-heading.vcex_69e3c7019a5db{color:var(--wpex-accent);font-size:var(--wpex-text-4xl);font-weight:600;text-transform:capitalize;line-height:var(--wpex-leading-snug);}<\/style><div class=\"vcex-heading vcex-heading-plain vcex-module wpex-heading wpex-text-2xl wpex-mb-40 vcex_69e3c7019a5db\"><span class=\"vcex-heading-inner wpex-inline-block\">Conseil en gouvernance<\/span><\/div>[vc_column_text css=&nbsp;&raquo;.vc_custom_1738607250940{padding-bottom: 12px !important;}&nbsp;&raquo; font_size=&nbsp;&raquo;lg&nbsp;&raquo; text_transform=&nbsp;&raquo;uppercase&nbsp;&raquo; color=&nbsp;&raquo;#df261c&nbsp;&raquo; font_weight=&nbsp;&raquo;500&Prime;]Ce que nous faisons[\/vc_column_text][vc_column_text css=&nbsp;&raquo;&nbsp;&raquo; color=&nbsp;&raquo;accent&nbsp;&raquo; line_height=&nbsp;&raquo;snug&nbsp;&raquo; el_class=&nbsp;&raquo;g24-bullets&nbsp;&raquo;]成人视频 travaillera avec vous tout au long de l&rsquo;ann&eacute;e, au fur et &agrave; mesure que des questions de gouvernance se poseront. La plupart des d&eacute;cisions prises par une entreprise ont un impact sur la mani&egrave;re dont les actionnaires, les autres parties prenantes et les soci&eacute;t&eacute;s de conseil en vote communiquent avec vous et d&eacute;cident de leurs votes. 成人视频 vous informera des difficult&eacute;s potentielles et de la meilleure fa&ccedil;on d&rsquo;y r&eacute;pondre.\n<p><strong>Examen de la circulaire, de la procuration et de l&rsquo;ordre du jour&nbsp;: <\/strong><\/p>\n<p>Anticiper les risques relatifs aux &eacute;l&eacute;ments soumis &agrave; l&rsquo;approbation des actionnaires et &eacute;laborer un plan d&rsquo;action sont des exemples de services que nous fournissons &agrave; nos clients, pour les pr&eacute;parer et pour garantir la r&eacute;ussite lors de l&rsquo;assembl&eacute;e g&eacute;n&eacute;rale des actionnaires.<\/p>\n<ul>\n<li>Nous effectuerons un examen exhaustif de la circulaire de sollicitation de procurations et des documents connexes du point de vue des investisseurs institutionnels et des agences de conseil en vote afin de mettre en lumi&egrave;re les sujets de pr&eacute;occupation potentiels.<\/li>\n<li>Travail en collaboration avec les &eacute;metteurs afin de s&rsquo;assurer que les informations sont claires et r&eacute;pondent aux attentes des investisseurs institutionnels en mati&egrave;re de transparence. &#8239;Pr&eacute;sentation d&rsquo;exemples des meilleures pratiques en mati&egrave;re de divulgation d&rsquo;informations, et conseil aux clients sur la mani&egrave;re de s&rsquo;aligner sur ces pratiques.<\/li>\n<li>Le niveau d&rsquo;appui pr&eacute;vu des actionnaires &agrave; l&rsquo;&eacute;gard de certains points soumis au scrutin, l&rsquo;identification des actionnaires susceptibles de s&rsquo;y opposer et leur justification.<\/li>\n<li>Pr&eacute;sentation de recherches, de conseils et de projections de vote sur les propositions des actionnaires.<\/li>\n<\/ul>\n<p><strong>Analyse comparative de la gouvernance : <\/strong><\/p>\n<p>Nous vous aiderons &agrave; comprendre comment les politiques et les pratiques de gouvernance de votre entreprise se comparent &agrave; celles de vos pairs, vous offrirons un point de vue pr&eacute;cieux sur l&rsquo;&eacute;volution des meilleures pratiques et vous conseillerons sur les domaines o&ugrave; votre entreprise pourrait accuser un retard.<\/p>\n<ul>\n<li>Examen et r&eacute;f&eacute;rence des pratiques de gouvernance en place afin d&rsquo;identifier les domaines n&eacute;cessitant des actions prioritaires.<br>\nAnalyse approfondie des performances de l&rsquo;entreprise par rapport aux pairs du secteur (locaux et mondiaux) afin d&rsquo;identifier les opportunit&eacute;s d&rsquo;am&eacute;lioration prioritaires.<\/li>\n<li>Pr&eacute;sentation des derni&egrave;res tendances en mati&egrave;re d&rsquo;ESG, d&rsquo;activisme actionnarial, de politiques des investisseurs institutionnels et de tout sujet connexe afin de soutenir le conseil d&rsquo;administration et la direction.<\/li>\n<\/ul>\n[\/vc_column_text][\/vc_column][\/vc_row][vc_row column_spacing=&nbsp;&raquo;0px&nbsp;&raquo; max_width_custom=&nbsp;&raquo;980px&nbsp;&raquo;][vc_column][vc_column_text css=&nbsp;&raquo;.vc_custom_1738607474121{padding-top: 15px !important;padding-bottom: 15px !important;padding-left: 40px !important;background-color: #393939 !important;}&nbsp;&raquo; font_size=&nbsp;&raquo;lg&nbsp;&raquo; font_weight=&nbsp;&raquo;semibold&nbsp;&raquo; color=&nbsp;&raquo;#ffffff&nbsp;&raquo; text_transform=&nbsp;&raquo;capitalize&nbsp;&raquo;]<a href=\"https:\/\/allianceadvisors.com\/fr\/transactions-categories\/compensation-governance-and-sustainability-advisory-transactions-fr\/\">Voir les transactions &gt;<\/a>[\/vc_column_text][\/vc_column][\/vc_row][\/vc_section][vc_row][vc_column]<div class=\"vcex-spacing wpex-w-100 wpex-clear\" style=\"height:45px;\"><\/div>[\/vc_column][\/vc_row][vc_section css_animation=&nbsp;&raquo;fadeIn&nbsp;&raquo; local_scroll_id=&nbsp;&raquo;shareholder-engagement-solicitation&nbsp;&raquo;][vc_row column_spacing=&nbsp;&raquo;0px&nbsp;&raquo; remove_bottom_col_margin=&nbsp;&raquo;true&nbsp;&raquo; css=&nbsp;&raquo;.vc_custom_1736852941394{padding-top: 40px !important;padding-right: 40px !important;padding-bottom: 40px !important;padding-left: 40px !important;background-color: #FFFFFF !important;}&nbsp;&raquo; max_width_custom=&nbsp;&raquo;980px&nbsp;&raquo;][vc_column]<style>.vcex-heading.vcex_69e3c7019b015{color:var(--wpex-accent);font-size:var(--wpex-text-4xl);font-weight:600;text-transform:capitalize;}<\/style><div class=\"vcex-heading vcex-heading-plain vcex-module wpex-heading wpex-text-2xl wpex-mb-40 vcex_69e3c7019b015\"><span class=\"vcex-heading-inner wpex-inline-block\">Conseil en mati&egrave;re de d&eacute;veloppement durable et ESG<\/span><\/div>[vc_column_text css=&nbsp;&raquo;.vc_custom_1738607258322{padding-bottom: 12px !important;}&nbsp;&raquo; font_size=&nbsp;&raquo;lg&nbsp;&raquo; text_transform=&nbsp;&raquo;uppercase&nbsp;&raquo; color=&nbsp;&raquo;#df261c&nbsp;&raquo; font_weight=&nbsp;&raquo;500&Prime;]Ce que nous faisons[\/vc_column_text][vc_column_text css=&nbsp;&raquo;&nbsp;&raquo; color=&nbsp;&raquo;accent&nbsp;&raquo; line_height=&nbsp;&raquo;snug&nbsp;&raquo; el_class=&nbsp;&raquo;g24-bullets&nbsp;&raquo;]Nous soutenons les entreprises tout au long de l&rsquo;ann&eacute;e, &agrave; chaque &eacute;tape de leur programme ESG. Nous g&eacute;rons les principaux risques, cr&eacute;ons de la valeur pour les parties prenantes et partageons clairement le r&eacute;cit de leur d&eacute;veloppement durable. Dans le cadre de nos services de conseil, nous travaillons en partenariat avec les entreprises pour&nbsp;:\n<p><strong>&Eacute;valuer<\/strong><br>\nComprendre les objectifs li&eacute;s au d&eacute;veloppement durable et identifier les priorit&eacute;s principales.<\/p>\n<ul>\n<li>&Eacute;tablir des bases de r&eacute;f&eacute;rence, effectuer des analyses comparatives et des analyses des &eacute;carts.<\/li>\n<li>Effectuer des &eacute;valuations de l&rsquo;importance relative et des &eacute;tudes de perception centr&eacute;es sur les investisseurs.<\/li>\n<\/ul>\n<p><strong>Appliquer<\/strong><br>\n&Eacute;laborer une strat&eacute;gie et une approche ESG en s&rsquo;appuyant sur les conseils et l&rsquo;expertise des conseillers d&rsquo;成人视频.<\/p>\n<ul>\n<li>Mettre en place, ou renforcer, le suivi du d&eacute;veloppement durable par le conseil d&rsquo;administration et les cadres sup&eacute;rieurs, en partie par le biais de s&eacute;ances internes de formation.<\/li>\n<li>Cr&eacute;er ou renforcer le cadre permettant d&rsquo;atteindre les objectifs de d&eacute;veloppement durable &agrave; court, moyen et long terme.<\/li>\n<\/ul>\n<p><strong>Divulguer<\/strong><br>\nRendre compte publiquement des processus, des performances et des progr&egrave;s relatifs &agrave; l&rsquo;ESG.<\/p>\n<ul>\n<li>Recueillir des donn&eacute;es et &eacute;laborer des contenus pour publier les rapports annuels sur les questions d&rsquo;ESG, des informations sur le site Internet et des politiques.<\/li>\n<li>Harmonisation avec les cadres, les normes et les notations ESG mondiaux.<\/li>\n<\/ul>\n<p><strong>Impliquer<\/strong><br>\nCommuniquer efficacement les efforts et les objectifs ESG aux parties prenantes internes et externes.<\/p>\n<ul>\n<li>Planifier et pr&eacute;parer l&rsquo;engagement des actionnaires en mati&egrave;re de d&eacute;veloppement durable.<\/li>\n<li>Inclure les informations ESG dans le rapport annuel et les documents d&eacute;pos&eacute;s, y compris la d&eacute;claration de procuration.<\/li>\n<\/ul>\n[\/vc_column_text][\/vc_column][\/vc_row][vc_row column_spacing=&nbsp;&raquo;0px&nbsp;&raquo; max_width_custom=&nbsp;&raquo;980px&nbsp;&raquo;][vc_column][vc_column_text css=&nbsp;&raquo;.vc_custom_1738607484689{padding-top: 15px !important;padding-bottom: 15px !important;padding-left: 40px !important;background-color: #393939 !important;}&nbsp;&raquo; font_size=&nbsp;&raquo;lg&nbsp;&raquo; font_weight=&nbsp;&raquo;semibold&nbsp;&raquo; color=&nbsp;&raquo;#ffffff&nbsp;&raquo; text_transform=&nbsp;&raquo;capitalize&nbsp;&raquo;]<a href=\"https:\/\/allianceadvisors.com\/fr\/transactions-categories\/compensation-governance-and-sustainability-advisory-transactions-fr\/\">Voir les transactions &gt;<\/a>[\/vc_column_text][\/vc_column][\/vc_row][\/vc_section]\n<\/div>","protected":false},"excerpt":{"rendered":"<p>[vc_section css_animation=\u00a0\u00bbfadeIn\u00a0\u00bb local_scroll_id=\u00a0\u00bbshareholder-engagement-solicitation\u00a0\u00bb][vc_row column_spacing=\u00a0\u00bb0px\u00a0\u00bb remove_bottom_col_margin=\u00a0\u00bbtrue\u00a0\u00bb css=\u00a0\u00bb.vc_custom_1736852909596{padding-top: 40px !important;padding-right: 40px !important;padding-bottom: 40px !important;padding-left: 40px !important;background-color: #FFFFFF !important;}\u00a0\u00bb max_width_custom=\u00a0\u00bb980px\u00a0\u00bb][vc_column][vc_column_text css=\u00a0\u00bb.vc_custom_1738607244157{padding-bottom: 12px !important;}\u00a0\u00bb font_size=\u00a0\u00bblg\u00a0\u00bb text_transform=\u00a0\u00bbuppercase\u00a0\u00bb color=\u00a0\u00bb#df261c\u00a0\u00bb font_weight=\u00a0\u00bb500&Prime;]Ce que nous faisons[\/vc_column_text][vc_column_text css=\u00a0\u00bb\u00a0\u00bb color=\u00a0\u00bbaccent\u00a0\u00bb line_height=\u00a0\u00bbsnug\u00a0\u00bb el_class=\u00a0\u00bbg24-bullets\u00a0\u00bb]成人视频 a constitu\u00e9 une \u00e9quipe de conseil en r\u00e9mun\u00e9ration sans \u00e9gal. Notre \u00e9quipe est compos\u00e9e de sp\u00e9cialistes ayant une exp\u00e9rience \u00e9tendue en la mati\u00e8re,&hellip;<\/p>\n","protected":false},"author":9,"featured_media":64788,"parent":0,"menu_order":0,"comment_status":"closed","ping_status":"closed","template":"","meta":{"footnotes":""},"class_list":["post-36411","page","type-page","status-publish","has-post-thumbnail","hentry","entry","has-media"],"_links":{"self":[{"href":"https:\/\/allianceadvisors.com\/fr\/wp-json\/wp\/v2\/pages\/36411","targetHints":{"allow":["GET"]}}],"collection":[{"href":"https:\/\/allianceadvisors.com\/fr\/wp-json\/wp\/v2\/pages"}],"about":[{"href":"https:\/\/allianceadvisors.com\/fr\/wp-json\/wp\/v2\/types\/page"}],"author":[{"embeddable":true,"href":"https:\/\/allianceadvisors.com\/fr\/wp-json\/wp\/v2\/users\/9"}],"replies":[{"embeddable":true,"href":"https:\/\/allianceadvisors.com\/fr\/wp-json\/wp\/v2\/comments?post=36411"}],"version-history":[{"count":14,"href":"https:\/\/allianceadvisors.com\/fr\/wp-json\/wp\/v2\/pages\/36411\/revisions"}],"predecessor-version":[{"id":54912,"href":"https:\/\/allianceadvisors.com\/fr\/wp-json\/wp\/v2\/pages\/36411\/revisions\/54912"}],"wp:featuredmedia":[{"embeddable":true,"href":"https:\/\/allianceadvisors.com\/fr\/wp-json\/wp\/v2\/media\/64788"}],"wp:attachment":[{"href":"https:\/\/allianceadvisors.com\/fr\/wp-json\/wp\/v2\/media?parent=36411"}],"curies":[{"name":"wp","href":"https:\/\/api.w.org\/{rel}","templated":true}]}}